{"id":2831,"date":"2025-11-11T18:48:58","date_gmt":"2025-11-11T17:48:58","guid":{"rendered":"https:\/\/www.liaroschmuck.de\/?page_id=2831"},"modified":"2025-11-11T18:48:59","modified_gmt":"2025-11-11T17:48:59","slug":"teilnahmebedingungen","status":"publish","type":"page","link":"https:\/\/www.liaroschmuck.de\/?page_id=2831","title":{"rendered":"Teilnahmebedingungen"},"content":{"rendered":"\n<p><strong>(1) Geltungsbereich<\/strong><\/p>\n\n\n\n<p>Indem Sie sich als Partner im Partnerprogramm von liaroschmuck.de anmelden, erkl\u00e4ren Sie sich mit den folgenden Teilnahmebedingungen einverstanden.<\/p>\n\n\n\n<p><strong>liaroschmuck.de<\/strong> beh\u00e4lt sich das Recht vor, die Nutzungsbedingungen von Zeit zu Zeit ohne Vorank\u00fcndigung zu aktualisieren und zu \u00e4ndern. Alle neuen Funktionen, die das aktuelle Programm erweitern oder verbessern, einschlie\u00dflich der Ver\u00f6ffentlichung neuer Tools und Ressourcen, unterliegen den Teilnahmebedingungen. Die fortgesetzte Nutzung des Programms nach solchen \u00c4nderungen stellt Ihre Zustimmung zu diesen \u00c4nderungen dar.<\/p>\n\n\n\n<p>Ein Versto\u00df gegen eine der nachstehenden Bedingungen f\u00fchrt zur K\u00fcndigung Ihres Kontos und zum Verfall aller ausstehenden Affiliate-Provisionszahlungen, die w\u00e4hrend des Versto\u00dfes verdient wurden. Sie stimmen zu, das Partnerprogramm auf eigene Gefahr zu nutzen.<\/p>\n\n\n\n<p><strong>(2) Bedingungen Vertragsabschluss<\/strong><\/p>\n\n\n\n<ul class=\"wp-block-list\">\n<li>Sie m\u00fcssen mindestens 18 Jahre alt sein, um an diesem Programm teilnehmen zu k\u00f6nnen.<\/li>\n\n\n\n<li>\n<ul class=\"wp-block-list\">\n<li>\u00a0<\/li>\n<\/ul>\n<\/li>\n<\/ul>\n\n\n\n<ul class=\"wp-block-list\">\n<li>Du musst ein Mensch sein. Konten, die von \u201eBots\u201c oder anderen automatisierten Methoden registriert wurden, sind nicht zul\u00e4ssig.<\/li>\n\n\n\n<li>Sie m\u00fcssen Ihren rechtsg\u00fcltigen vollst\u00e4ndigen Namen, eine g\u00fcltige E-Mail-Adresse und alle anderen angeforderten Informationen angeben, um den Anmeldevorgang abzuschlie\u00dfen.<\/li>\n\n\n\n<li>Sie sind f\u00fcr die Aufrechterhaltung der Sicherheit Ihres Kontos und Passworts verantwortlich.<strong>liaroschmuck.de<\/strong> kann und wird nicht f\u00fcr Verluste oder Sch\u00e4den haftbar gemacht, die dadurch entstehen, dass Sie dieser Sicherheitsverpflichtung nicht nachkommen.<\/li>\n\n\n\n<li>Sie sind f\u00fcr alle unter Ihrem Konto geposteten Inhalte und Aktivit\u00e4ten verantwortlich.<\/li>\n\n\n\n<li>Eine nat\u00fcrliche oder juristische Person darf nicht mehr als ein Konto unterhalten.<\/li>\n\n\n\n<li>Sie d\u00fcrfen das Partnerprogramm nicht f\u00fcr illegale oder nicht autorisierte Zwecke verwenden. Sie d\u00fcrfen bei der Nutzung des Dienstes keine Gesetze in Ihrer Gerichtsbarkeit verletzen (einschlie\u00dflich, aber nicht beschr\u00e4nkt auf Urheberrechtsgesetze).<\/li>\n<\/ul>\n\n\n\n<p><strong>(3) Links\/Grafiken auf Ihrer Website, in Ihren E-Mails oder anderen Mitteilungen<\/strong><\/p>\n\n\n\n<p>Sobald Sie sich f\u00fcr das Partnerprogramm angemeldet haben, wird Ihnen ein eindeutiger Partnercode zugewiesen. Sie d\u00fcrfen Links, Banner oder andere Grafiken, die wir mit Ihrem Partnercode bereitstellen, auf Ihrer Website, in Ihren E-Mails oder in anderen Mitteilungen platzieren. Wir stellen Ihnen Richtlinien, Linkstile und Grafiken zur Verf\u00fcgung, die Sie f\u00fcr die Verlinkung auf <strong>liaroschmuck.de<\/strong> verwenden k\u00f6nnen. Wir k\u00f6nnen das Design des Bildmaterials jederzeit ohne Vorank\u00fcndigung \u00e4ndern, aber wir werden die Abmessungen der Bilder nicht ohne vorherige Ank\u00fcndigung \u00e4ndern. Um eine genaue Nachverfolgung, Berichterstellung und Anrechnung von Vermittlungsgeb\u00fchren zu erm\u00f6glichen, stellen wir Ihnen spezielle Linkformate zur Verf\u00fcgung, die in allen Links zwischen Ihrer Website und <strong>liaroschmuck.de<\/strong> verwendet werden. Sie m\u00fcssen sicherstellen, dass jeder der Links zwischen Ihrer Website und <strong>liaroschmuck.de<\/strong> solche speziellen Linkformate ordnungsgem\u00e4\u00df verwendet. Links zu <strong>liaroschmuck.de<\/strong>, die gem\u00e4\u00df dieser Vereinbarung auf Ihrer Website platziert werden und die solche speziellen Linkformate ordnungsgem\u00e4\u00df verwenden, werden als \u201eSpezielle Links\u201c bezeichnet. Sie erhalten Empfehlungsprovisionen nur f\u00fcr Verk\u00e4ufe eines <strong>liaroschmuck.de<\/strong>-Produkts, die direkt \u00fcber spezielle Links erfolgen; Wir haften Ihnen gegen\u00fcber nicht f\u00fcr ein Vers\u00e4umnis von Ihnen oder jemandem, den Sie verweisen, spezielle Links zu verwenden oder Ihren Affiliate-Code falsch einzugeben, einschlie\u00dflich in dem Umfang, in dem ein solches Vers\u00e4umnis zu einer Verringerung der Betr\u00e4ge f\u00fchren kann, die andernfalls an Sie gezahlt w\u00fcrden gem\u00e4\u00df dieser Vereinbarung. Affiliate-Links sollten auf die Seite des beworbenen Produkts verweisen. (3) in Ihren E-Mail\/Links\/Grafiken auf Ihrer Websites oder anderen Mitteilungen<\/p>\n\n\n\n<p><strong>(4) Empfehlungsgeb\u00fchr<\/strong><\/p>\n\n\n\n<p>Damit ein Produktverkauf berechtigt ist, eine Empfehlungsgeb\u00fchr zu verdienen, muss der Kunde auf einen speziellen Link von Ihrer Website, E-Mail oder anderen Mitteilungen zu <strong>https:\/\/www.liaroschmuck.de<\/strong> klicken und diesen abschlie\u00dfen eine Bestellung f\u00fcr ein Produkt w\u00e4hrend dieser Sitzung. Wir zahlen nur Provisionen f\u00fcr Links, die von unseren Systemen automatisch verfolgt und gemeldet werden. Wir zahlen keine Provisionen, wenn jemand sagt, dass er gekauft hat, oder jemand sagt, dass er einen Empfehlungscode eingegeben hat, der nicht von unserem System verfolgt wurde. Wir k\u00f6nnen nur Provisionen f\u00fcr Gesch\u00e4fte zahlen, die durch ordnungsgem\u00e4\u00df formatierte spezielle Links generiert wurden, die von unseren Systemen automatisch verfolgt wurden. Wir behalten uns das Recht vor, Provisionen zu disqualifizieren, die durch betr\u00fcgerische, illegale oder \u00fcberm\u00e4\u00dfig aggressive, fragw\u00fcrdige Verkaufs- oder Marketingmethoden verdient wurden. Zahlungen beginnen erst, wenn Sie mehr als <strong>5 \u20ac<\/strong> an Affiliate-Einnahmen verdient haben. Wenn Ihr Affiliate-Konto niemals die Schwelle von <strong>5 \u20ac<\/strong> \u00fcberschreitet, werden Ihre Provisionen nicht realisiert oder ausgezahlt. Wir sind nur f\u00fcr Zahlungen an Konten verantwortlich, die die Schwelle von <strong>5 \u20ac<\/strong> \u00fcberschritten haben.<\/p>\n\n\n\n<p><strong>(5) Identifizieren Sie sich als liaroschmuck.de-Affiliate<\/strong><\/p>\n\n\n\n<p>Sie d\u00fcrfen keine Pressemitteilung in Bezug auf diese Vereinbarung oder Ihre Teilnahme am Programm herausgeben; eine solche Handlung kann dazu f\u00fchren, dass Sie das Programm beenden. Dar\u00fcber hinaus d\u00fcrfen Sie die Beziehung zwischen uns und Ihnen in keiner Weise falsch darstellen oder versch\u00f6nern, sagen, dass Sie unsere Produkte entwickeln, sagen, dass Sie Teil von <strong>liaroschmuck.de<\/strong> sind, oder eine Beziehung oder Zugeh\u00f6rigkeit zwischen uns ausdr\u00fccken oder implizieren und Ihnen oder einer anderen nat\u00fcrlichen oder juristischen Person, es sei denn, dies ist ausdr\u00fccklich durch diese Vereinbarung gestattet (einschlie\u00dflich der ausdr\u00fccklichen oder impliziten Annahme, dass wir eine Wohlt\u00e4tigkeitsorganisation oder einen anderen Zweck unterst\u00fctzen, sponsern, unterst\u00fctzen oder Geld f\u00fcr diese spenden).<\/p>\n\n\n\n<p><strong>(6) Zahlungsplan<\/strong><\/p>\n\n\n\n<p>Solange Ihre aktuellen Affiliate-Einnahmen \u00fcber <strong>5 \u20ac<\/strong> liegen, werden Sie jeden Monat bezahlt. Wenn Sie seit Ihrer letzten Zahlung keine <strong>5 \u20ac<\/strong> verdient haben, zahlen wir Sie im Folgemonat, nachdem Sie den Grenzbetrag \u00fcberschritten haben.<\/p>\n\n\n\n<p><strong>(7) Kundendefinition<\/strong><\/p>\n\n\n\n<p>Kunden, die Produkte \u00fcber dieses Programm kaufen, gelten als unsere Kunden. Dementsprechend gelten alle unsere Regeln, Richtlinien und Betriebsverfahren in Bezug auf Kundenbestellungen, Kundenservice und Produktverk\u00e4ufe f\u00fcr diese Kunden. Wir k\u00f6nnen unsere Richtlinien und Betriebsverfahren jederzeit \u00e4ndern. Beispielsweise werden wir die Preise f\u00fcr Produkte, die im Rahmen dieses Programms verkauft werden, in \u00dcbereinstimmung mit unseren eigenen Preisrichtlinien festlegen. Produktpreise und Verf\u00fcgbarkeit k\u00f6nnen von Zeit zu Zeit variieren. Da sich Preis\u00e4nderungen auf Produkte auswirken k\u00f6nnen, die Sie auf Ihrer Website aufgef\u00fchrt haben, sollten Sie keine Produktpreise auf Ihrer Website anzeigen. Wir werden wirtschaftlich vertretbare Anstrengungen unternehmen, um genaue Informationen zu pr\u00e4sentieren, aber wir k\u00f6nnen die Verf\u00fcgbarkeit oder den Preis eines bestimmten Produkts nicht garantieren.<\/p>\n\n\n\n<p><strong>(8) Einhaltung von Gesetzen<\/strong><\/p>\n\n\n\n<p>Als Bedingung f\u00fcr Ihre Teilnahme am Programm stimmen Sie zu, dass Sie als Programmteilnehmer alle Gesetze, Verordnungen, Regeln, Vorschriften, Anordnungen, Lizenzen, Genehmigungen, Urteile, Entscheidungen oder sonstigen Anforderungen einer Regierungsbeh\u00f6rde einhalten werden Gerichtsbarkeit \u00fcber Sie, unabh\u00e4ngig davon, ob diese Gesetze usw. jetzt in Kraft sind oder sp\u00e4ter w\u00e4hrend der Zeit, in der Sie Programmteilnehmer sind, in Kraft treten. Ohne die vorstehende Verpflichtung einzuschr\u00e4nken, erkl\u00e4ren Sie sich damit einverstanden, dass Sie als Bedingung f\u00fcr Ihre Teilnahme am Programm alle geltenden Gesetze (Bundes-, Landes- oder sonstige) einhalten, die Marketing-E-Mails regeln, einschlie\u00dflich, aber nicht beschr\u00e4nkt auf den CAN-SPAM Act von 2003 und alle andere Anti-Spam-Gesetze.<\/p>\n\n\n\n<p><strong>(9) Laufzeit der Vereinbarung und des Programms<\/strong><\/p>\n\n\n\n<p>Die Laufzeit dieser Vereinbarung beginnt mit unserer Annahme Ihres Programmantrags und endet, wenn sie von einer der Parteien gek\u00fcndigt wird. Sowohl Sie als auch wir k\u00f6nnen diese Vereinbarung jederzeit mit oder ohne Angabe von Gr\u00fcnden k\u00fcndigen, indem Sie die andere Partei schriftlich k\u00fcndigen. Bei Beendigung dieser Vereinbarung aus irgendeinem Grund stellen Sie die Nutzung unverz\u00fcglich ein und entfernen alle Links zu https:\/\/www.liaroschmuck.de und alle unsere Marken, Handelsaufmachungen und Logos und alles von Ihrer Website andere Materialien, die Ihnen von oder in unserem Namen gem\u00e4\u00df diesem Vertrag oder in Verbindung mit dem Programm zur Verf\u00fcgung gestellt werden. liaroschmuck.de beh\u00e4lt sich das Recht vor, das Programm jederzeit zu beenden. Bei Beendigung des Programms zahlt liaroschmuck.de alle ausstehenden Einnahmen \u00fcber 5 \u20ac aus.<\/p>\n\n\n\n<p><strong>(10) Beendigung<\/strong><\/p>\n\n\n\n<p><strong>liaroschmuck.de hat nach eigenem Ermessen das Recht, Ihr Konto auszusetzen oder zu k\u00fcndigen und jegliche aktuelle oder zuk\u00fcnftige Nutzung des Programms oder eines anderen liaroschmuck.de-Dienstes jederzeit und aus beliebigen Gr\u00fcnden abzulehnen. Eine solche Beendigung des Dienstes f\u00fchrt zur Deaktivierung oder L\u00f6schung Ihres Kontos oder Ihres Zugriffs auf Ihr Konto und zum Verfall und Verzicht auf alle potenziellen oder noch zu zahlenden Provisionen in Ihrem Konto, wenn sie durch betr\u00fcgerische, illegale oder \u00fcberm\u00e4\u00dfig aggressive, fragw\u00fcrdige Verkaufs- oder Marketingmethoden. liaroschmuck.de beh\u00e4lt sich das Recht vor, den Service jederzeit und ohne Angabe von Gr\u00fcnden zu verweigern.<\/strong><\/p>\n\n\n\n<p><strong>(11) Beziehung der Parteien<\/strong><\/p>\n\n\n\n<p>Sie und wir sind unabh\u00e4ngige Vertragspartner, und nichts in dieser Vereinbarung begr\u00fcndet eine Partnerschaft, ein Joint Venture, eine Agentur, ein Franchise, einen Handelsvertreter oder ein Arbeitsverh\u00e4ltnis zwischen den Parteien. Sie sind nicht befugt, Angebote oder Zusicherungen in unserem Namen zu machen oder anzunehmen. Sie werden keine Aussage machen, weder auf Ihrer Website noch anderweitig, die vern\u00fcnftigerweise irgendetwas in diesem Abschnitt widersprechen w\u00fcrde.<\/p>\n\n\n\n<p><strong>(12) Haftungsbeschr\u00e4nkungen<\/strong><\/p>\n\n\n\n<p>Wir haften nicht f\u00fcr indirekte, spezielle oder Folgesch\u00e4den (oder Umsatz-, Gewinn- oder Datenverluste), die im Zusammenhang mit dieser Vereinbarung oder dem Programm entstehen, selbst wenn wir auf die M\u00f6glichkeit solcher Sch\u00e4den hingewiesen wurden. Dar\u00fcber hinaus \u00fcbersteigt unsere Gesamthaftung, die sich in Bezug auf diese Vereinbarung und das Programm ergibt, nicht die gesamten Empfehlungsgeb\u00fchren, die gem\u00e4\u00df dieser Vereinbarung an Sie gezahlt oder zu zahlen sind.<\/p>\n\n\n\n<p><strong>(13) Haftungsausschl\u00fcsse<\/strong><\/p>\n\n\n\n<p>Wir geben keine ausdr\u00fccklichen oder stillschweigenden Gew\u00e4hrleistungen oder Zusicherungen in Bezug auf das Programm oder Produkte, die \u00fcber das Programm verkauft werden (einschlie\u00dflich, aber nicht beschr\u00e4nkt auf Gew\u00e4hrleistungen der Eignung, Marktg\u00e4ngigkeit, Nichtverletzung von Rechten Dritter oder stillschweigende Gew\u00e4hrleistungen, die sich aus einem Leistungsverlauf, Handel oder Handelsbrauch). Dar\u00fcber hinaus geben wir keine Zusicherung, dass der Betrieb von liaroschmuck.de ununterbrochen oder fehlerfrei sein wird, und wir haften nicht f\u00fcr die Folgen von Unterbrechungen oder Fehlern.<\/p>\n\n\n\n<p><strong>(14) Unabh\u00e4ngige Untersuchung<\/strong><\/p>\n\n\n\n<p>SIE BEST\u00c4TIGEN, DASS SIE DIESE VEREINBARUNG GELESEN HABEN UND ALLEN IHREN BEDINGUNGEN ZUSTIMMEN. SIE ERKENNEN AN, DASS WIR JEDERZEIT (DIREKT ODER INDIREKT) EMPFOHLENE KUNDEN ZU BEDINGUNGEN ERFORDERN K\u00d6NNEN, DIE VON DEN IN DIESEM VERTRAG ENTHALTENEN BEDINGUNGEN ABWEICHEN K\u00d6NNEN ODER WEBSEITEN BETREIBEN, DIE IHRER WEBSITE \u00c4HNLICH ODER MIT IHRER WEBSITE KONKURRENZIEREN. SIE HABEN UNABH\u00c4NGIG DIE W\u00dcNSCHLICHKEIT DER TEILNAHME AN DEM PROGRAMM BEWERTET UND VERLASSEN SICH AUF KEINE ANDEREN ZUSICHERUNGEN, GARANTIEN ODER ERKL\u00c4RUNGEN ALS DIE IN DIESER VEREINBARUNG FESTGELEGTEN.<\/p>\n\n\n\n<p><strong>(15) Schlichtungsverfahren<\/strong><\/p>\n\n\n\n<p>Alle Streitigkeiten im Zusammenhang mit dieser Vereinbarung (einschlie\u00dflich tats\u00e4chlicher oder angeblicher Verletzungen dieser Vereinbarung), Transaktionen oder Aktivit\u00e4ten im Rahmen dieser Vereinbarung oder Ihrer Beziehung zu uns oder einem unserer verbundenen Unternehmen werden einem vertraulichen Schlichtungsverfahren unterzogen, au\u00dfer in dem Umfang, in dem Sie unsere Rechte an geistigem Eigentum in irgendeiner Weise verletzt oder zu verletzen drohten, k\u00f6nnen wir bei jedem staatlichen oder bundesstaatlichen Gericht (und Sie stimmen der nicht ausschlie\u00dflichen Zust\u00e4ndigkeit und dem Gerichtsstand in diesen Gerichten zu) oder jedem anderen zust\u00e4ndigen Gericht eine einstweilige Verf\u00fcgung oder einen anderen angemessenen Rechtsbehelf beantragen .<\/p>\n\n\n\n<p><strong>(16) Sonstiges<\/strong><\/p>\n\n\n\n<p>Diese Vereinbarung unterliegt den Gesetzen der Bundesrepublik Deutschland, ohne Bezugnahme auf Vorschriften zur Rechtswahl. Sie d\u00fcrfen diese Vereinbarung ohne unsere vorherige schriftliche Zustimmung weder kraft Gesetzes noch anderweitig abtreten. Vorbehaltlich dieser Einschr\u00e4nkung ist diese Vereinbarung f\u00fcr die Parteien und ihre jeweiligen Rechtsnachfolger und Abtretungsempf\u00e4nger bindend, kommt ihnen zugute und ist gegen sie durchsetzbar. Unser Vers\u00e4umnis, Ihre strenge Einhaltung einer Bestimmung dieser Vereinbarung durchzusetzen, stellt keinen Verzicht auf unser Recht dar, diese Bestimmung oder eine andere Bestimmung dieser Vereinbarung nachtr\u00e4glich durchzusetzen.<\/p>\n\n\n\n<p>Das Vers\u00e4umnis von liaroschmuck.de, ein Recht oder eine Bestimmung der Nutzungsbedingungen auszu\u00fcben oder durchzusetzen, stellt keinen Verzicht auf dieses Recht oder diese Bestimmung dar. Die Nutzungsbedingungen stellen die gesamte Vereinbarung zwischen Ihnen und liaroschmuck.de dar und regeln Ihre Nutzung des Dienstes und ersetzen alle vorherigen Vereinbarungen zwischen Ihnen und liaroschmuck.de (einschlie\u00dflich, aber nicht beschr\u00e4nkt auf alle fr\u00fcheren Versionen der Nutzungsbedingungen).<\/p>\n","protected":false},"excerpt":{"rendered":"<p>(1) Geltungsbereich Indem Sie sich als Partner im Partnerprogramm von liaroschmuck.de anmelden, erkl\u00e4ren Sie sich mit den folgenden Teilnahmebedingungen einverstanden. liaroschmuck.de beh\u00e4lt sich das Recht vor, die Nutzungsbedingungen von Zeit zu Zeit ohne Vorank\u00fcndigung zu aktualisieren und zu \u00e4ndern. Alle neuen Funktionen, die das aktuelle Programm erweitern oder verbessern, einschlie\u00dflich<\/p>\n","protected":false},"author":1,"featured_media":0,"parent":0,"menu_order":0,"comment_status":"closed","ping_status":"closed","template":"","meta":{"footnotes":""},"class_list":["post-2831","page","type-page","status-publish","hentry"],"jetpack_sharing_enabled":true,"_links":{"self":[{"href":"https:\/\/www.liaroschmuck.de\/index.php?rest_route=\/wp\/v2\/pages\/2831","targetHints":{"allow":["GET"]}}],"collection":[{"href":"https:\/\/www.liaroschmuck.de\/index.php?rest_route=\/wp\/v2\/pages"}],"about":[{"href":"https:\/\/www.liaroschmuck.de\/index.php?rest_route=\/wp\/v2\/types\/page"}],"author":[{"embeddable":true,"href":"https:\/\/www.liaroschmuck.de\/index.php?rest_route=\/wp\/v2\/users\/1"}],"replies":[{"embeddable":true,"href":"https:\/\/www.liaroschmuck.de\/index.php?rest_route=%2Fwp%2Fv2%2Fcomments&post=2831"}],"version-history":[{"count":1,"href":"https:\/\/www.liaroschmuck.de\/index.php?rest_route=\/wp\/v2\/pages\/2831\/revisions"}],"predecessor-version":[{"id":2832,"href":"https:\/\/www.liaroschmuck.de\/index.php?rest_route=\/wp\/v2\/pages\/2831\/revisions\/2832"}],"wp:attachment":[{"href":"https:\/\/www.liaroschmuck.de\/index.php?rest_route=%2Fwp%2Fv2%2Fmedia&parent=2831"}],"curies":[{"name":"wp","href":"https:\/\/api.w.org\/{rel}","templated":true}]}}