{"id":2824,"date":"2025-11-11T18:39:53","date_gmt":"2025-11-11T17:39:53","guid":{"rendered":"https:\/\/www.liaroschmuck.de\/?page_id=2824"},"modified":"2025-11-11T18:39:55","modified_gmt":"2025-11-11T17:39:55","slug":"ringgroessen-guide","status":"publish","type":"page","link":"https:\/\/www.liaroschmuck.de\/?page_id=2824","title":{"rendered":"Ringgr\u00f6\u00dfen Guide"},"content":{"rendered":"\n<p>Mit diesen 2 einfachen Tricks k\u00f6nnt ihr eure Ringgr\u00f6\u00dfe ganz leicht herausfinden.<\/p>\n\n\n\n<p>1. Option<\/p>\n\n\n\n<p>Lege einen Ring der dir perfekt passt auf ein Lineal und messe den Durchmesser des Rings aus. Achte dabei darauf, dass der Ring genau mittig auf dem Lineal liegt.<\/p>\n\n\n\n<p>Wenn du den Durchmesser wei\u00dft kannst du deine Gr\u00f6\u00dfe ganz einfach hier ablesen:<\/p>\n\n\n\n<p>52 (\u00d8 ca. 16,6mm)<br>55 (\u00d8 ca. 17,5mm)<br>57 (\u00d8 ca. 18,1mm)<br>59 (\u00d8 ca. 18,8mm)<\/p>\n\n\n\n<p>2. Option<\/p>\n\n\n\n<p>Du hast keinen Ring der dir perfekt passt? Auch kein Problem! Dann nehme dir eine Schnur und lege sie wie einen Ring um den Finger den du ausmessen m\u00f6chtest. Dann markierst du die Stelle an der Schnur, wo sie sich wieder trifft.<\/p>\n\n\n\n<p>Dann misst du die L\u00e4nge der Schnur aus bis zum markierten Punkt und kannst deine Gr\u00f6\u00dfe hier nachlesen:<\/p>\n\n\n\n<p>52 (5,2cm)<br>55 (5,5cm)<br>57 (5,7cm)<br>59 (5,9cm)<\/p>\n","protected":false},"excerpt":{"rendered":"<p>Mit diesen 2 einfachen Tricks k\u00f6nnt ihr eure Ringgr\u00f6\u00dfe ganz leicht herausfinden. 1. Option Lege einen Ring der dir perfekt passt auf ein Lineal und messe den Durchmesser des Rings aus. Achte dabei darauf, dass der Ring genau mittig auf dem Lineal liegt. Wenn du den Durchmesser wei\u00dft kannst du<\/p>\n","protected":false},"author":1,"featured_media":0,"parent":0,"menu_order":0,"comment_status":"closed","ping_status":"closed","template":"","meta":{"footnotes":""},"class_list":["post-2824","page","type-page","status-publish","hentry"],"jetpack_sharing_enabled":true,"_links":{"self":[{"href":"https:\/\/www.liaroschmuck.de\/index.php?rest_route=\/wp\/v2\/pages\/2824","targetHints":{"allow":["GET"]}}],"collection":[{"href":"https:\/\/www.liaroschmuck.de\/index.php?rest_route=\/wp\/v2\/pages"}],"about":[{"href":"https:\/\/www.liaroschmuck.de\/index.php?rest_route=\/wp\/v2\/types\/page"}],"author":[{"embeddable":true,"href":"https:\/\/www.liaroschmuck.de\/index.php?rest_route=\/wp\/v2\/users\/1"}],"replies":[{"embeddable":true,"href":"https:\/\/www.liaroschmuck.de\/index.php?rest_route=%2Fwp%2Fv2%2Fcomments&post=2824"}],"version-history":[{"count":1,"href":"https:\/\/www.liaroschmuck.de\/index.php?rest_route=\/wp\/v2\/pages\/2824\/revisions"}],"predecessor-version":[{"id":2825,"href":"https:\/\/www.liaroschmuck.de\/index.php?rest_route=\/wp\/v2\/pages\/2824\/revisions\/2825"}],"wp:attachment":[{"href":"https:\/\/www.liaroschmuck.de\/index.php?rest_route=%2Fwp%2Fv2%2Fmedia&parent=2824"}],"curies":[{"name":"wp","href":"https:\/\/api.w.org\/{rel}","templated":true}]}}