{"id":20,"date":"2025-10-02T18:11:48","date_gmt":"2025-10-02T16:11:48","guid":{"rendered":"https:\/\/www.liaroschmuck.de\/widerrufsbelehrung\/"},"modified":"2025-11-18T12:16:44","modified_gmt":"2025-11-18T11:16:44","slug":"widerrufsbelehrung","status":"publish","type":"page","link":"https:\/\/www.liaroschmuck.de\/?page_id=20","title":{"rendered":"Widerrufsbelehrung"},"content":{"rendered":"\n<p><strong>Retoure anmelden? Hier findest du das\u00a0<\/strong><a href=\"https:\/\/www.liaroschmuck.de\/?page_id=2841\" data-type=\"link\" data-id=\"https:\/\/www.liaroschmuck.de\/kontaktformular\/\"><strong><mark style=\"background-color:rgba(0, 0, 0, 0)\" class=\"has-inline-color has-vivid-red-color\">Kontaktformular<\/mark><\/strong><\/a>.<\/p>\n\n\n\n<p>Du hast das Recht, innerhalb 14 Tagen ohne Angabe von Gr\u00fcnden diesen Vertrag zu widerrufen. Die Widerrufsfrist betr\u00e4gt 14 Tage ab dem Tag, an dem du oder ein von dir benannter Dritter, der nicht der Bef\u00f6rderer ist, die Waren in Besitz genommen haben bzw. hat.<\/p>\n\n\n\n<p>Um dein Widerrufsrecht auszu\u00fcben, musst du uns (LiaroSchmuck, An der Johanneskirche 21 , 33334 G\u00fctersloh, E-Mail liaroschmuck@gmx.de) mittels einer eindeutigen Erkl\u00e4rung (z.B. per E-Mail) \u00fcber deinen Entschluss, diesen Vertrag zu widerrufen, informieren.<\/p>\n\n\n\n<p>Voraussetzung hierf\u00fcr ist der ungenutzte, einwandfreie sowie wiederverkaufsf\u00e4hige Zustand der Ware. Sollte dies nicht gegeben sein, behalten wir uns vor, die R\u00fcckerstattung des Kaufpreises ggf. einzubehalten.<\/p>\n\n\n\n<p>Zur Wahrung der Widerrufsfrist reicht es aus, dass du die Mitteilung \u00fcber die Aus\u00fcbung des Widerrufsrechts vor Ablauf der Widerrufsfrist absendest.<\/p>\n\n\n\n<p><strong>Folgen des Widerrufs<\/strong><\/p>\n\n\n\n<p>Wenn du diesen Vertrag widerrufst, haben wir dir alle Zahlungen, die wir von dir erhalten haben, einschlie\u00dflich der Lieferkosten (mit Ausnahme der zus\u00e4tzlichen Kosten, die sich daraus ergeben, dass du eine andere Art der Lieferung als die von uns angebotene, g\u00fcnstigste Standardlieferung gew\u00e4hlt hast), unverz\u00fcglich und sp\u00e4testens binnen vierzehn Tagen ab dem Tag zur\u00fcckzuzahlen, an dem die Mitteilung \u00fcber deinen Widerruf dieses Vertrags bei uns eingegangen ist. F\u00fcr diese R\u00fcckzahlung verwenden wir dasselbe Zahlungsmittel, das du bei der urspr\u00fcnglichen Transaktion eingesetzt hast, es sei denn, mit dir wurde ausdr\u00fccklich etwas anderes vereinbart; in keinem Fall werden dir wegen dieser R\u00fcckzahlung Entgelte berechnet.<\/p>\n\n\n\n<p>Wir k\u00f6nnen die R\u00fcckzahlung verweigern, bis wir die Waren wieder zur\u00fcckerhalten haben oder bis du den Nachweis erbracht hast, dass du die Waren zur\u00fcckgesandt hast, je nachdem, welches der fr\u00fchere Zeitpunkt ist.<\/p>\n\n\n\n<p>Du hast die Waren unverz\u00fcglich und in jedem Fall sp\u00e4testens binnen 14 Tagen ab dem Tag, an dem du uns \u00fcber den Widerruf dieses Vertrags unterrichtet hast, an uns zur\u00fcckzusenden oder zu \u00fcbergeben. Die Frist ist gewahrt, wenn du die Waren vor Ablauf der Frist von 14 Tagen absendest.<\/p>\n\n\n\n<p>Wir \u00fcbernehmen keine R\u00fccksendekosten f\u00fcr Retouren.<\/p>\n\n\n\n<p>F\u00fcr versandkostenfreie Bestellungen (ab 50\u20ac innerhalb Deutschlands, werden die \u00fcblichen Versandkosten (1,60\u20ac bzw. 4,50\u20ac) einbehalten.<\/p>\n\n\n\n<p><strong>Ausnahmen vom Widerrufsrecht<\/strong><\/p>\n\n\n\n<p>Das Widerrufsrecht besteht nicht bei Vertr\u00e4gen \u00fcber die Lieferung von Waren, die nicht vorgefertigt sind und f\u00fcr deren Herstellung eine individuelle Auswahl oder Bestimmung durch den Verbraucher ma\u00dfgeblich ist oder die eindeutig auf die pers\u00f6nlichen Bed\u00fcrfnisse des Verbrauchers zugeschnitten sind.<\/p>\n\n\n\n<p><strong>R\u00fcckgabe bei Shop-Aktionen mit Pr\u00e4mienartikeln<\/strong><\/p>\n\n\n\n<p>Sollte dein Warenwert durch eine R\u00fccksendung unter den Mindestwarenwert der Pr\u00e4mienaktion fallen, m\u00fcssen die Pr\u00e4mien Produkte ungetragen mit zur\u00fcckgeschickt werden. Alternativ kannst du deine retournierten Artikel in andere Ware umtauschen und somit deine Pr\u00e4mie behalten.<\/p>\n\n\n\n<p><\/p>\n\n\n\n<p><strong>Muster-Widerrufsformular<\/strong><\/p>\n\n\n\n<p>Wenn du den Vertrag widerrufen m\u00f6chtest, dann f\u00fclle bitte dieses Formular aus und sende es zur\u00fcck an LiaroSchmuck, An der Johanneskirche 21, 33334 G\u00fctersloh, E-Mail: liaroschmuck@gmx.de<\/p>\n\n\n\n<p>Hiermit widerrufe(n) ich\/wir (*) den von mir\/uns (*) abgeschlossenen Vertrag \u00fcber den Kauf der folgenden Waren (*)\/die Erbringung der folgenden Dienstleistung (*)<\/p>\n\n\n\n<p>_______________________________________________________<\/p>\n\n\n\n<p>_______________________________________________________<\/p>\n\n\n\n<p>Bestellt am (*) ____________ \/ erhalten am (*) __________________<\/p>\n\n\n\n<p>________________________________________________________<br>Name des\/der Verbraucher(s)<\/p>\n\n\n\n<p>________________________________________________________<br>Anschrift des\/der Verbraucher(s)<\/p>\n\n\n\n<p>________________________________________________________<br>Unterschrift des\/der Verbraucher(s) (nur bei Mitteilung auf Papier)<\/p>\n\n\n\n<p>_________________________<br>Datum<\/p>\n\n\n\n<p>(*) Unzutreffendes streichen<\/p>\n","protected":false},"excerpt":{"rendered":"<p>Retoure anmelden? Hier findest du das\u00a0Kontaktformular. Du hast das Recht, innerhalb 14 Tagen ohne Angabe von Gr\u00fcnden diesen Vertrag zu widerrufen. Die Widerrufsfrist betr\u00e4gt 14 Tage ab dem Tag, an dem du oder ein von dir benannter Dritter, der nicht der Bef\u00f6rderer ist, die Waren in Besitz genommen haben bzw.<\/p>\n","protected":false},"author":1,"featured_media":0,"parent":0,"menu_order":0,"comment_status":"closed","ping_status":"closed","template":"","meta":{"footnotes":""},"class_list":["post-20","page","type-page","status-publish","hentry"],"jetpack_sharing_enabled":true,"_links":{"self":[{"href":"https:\/\/www.liaroschmuck.de\/index.php?rest_route=\/wp\/v2\/pages\/20","targetHints":{"allow":["GET"]}}],"collection":[{"href":"https:\/\/www.liaroschmuck.de\/index.php?rest_route=\/wp\/v2\/pages"}],"about":[{"href":"https:\/\/www.liaroschmuck.de\/index.php?rest_route=\/wp\/v2\/types\/page"}],"author":[{"embeddable":true,"href":"https:\/\/www.liaroschmuck.de\/index.php?rest_route=\/wp\/v2\/users\/1"}],"replies":[{"embeddable":true,"href":"https:\/\/www.liaroschmuck.de\/index.php?rest_route=%2Fwp%2Fv2%2Fcomments&post=20"}],"version-history":[{"count":6,"href":"https:\/\/www.liaroschmuck.de\/index.php?rest_route=\/wp\/v2\/pages\/20\/revisions"}],"predecessor-version":[{"id":3002,"href":"https:\/\/www.liaroschmuck.de\/index.php?rest_route=\/wp\/v2\/pages\/20\/revisions\/3002"}],"wp:attachment":[{"href":"https:\/\/www.liaroschmuck.de\/index.php?rest_route=%2Fwp%2Fv2%2Fmedia&parent=20"}],"curies":[{"name":"wp","href":"https:\/\/api.w.org\/{rel}","templated":true}]}}