{"id":19,"date":"2025-10-02T18:11:48","date_gmt":"2025-10-02T16:11:48","guid":{"rendered":"https:\/\/www.liaroschmuck.de\/agb\/"},"modified":"2025-11-11T18:43:27","modified_gmt":"2025-11-11T17:43:27","slug":"agb","status":"publish","type":"page","link":"https:\/\/www.liaroschmuck.de\/?page_id=19","title":{"rendered":"AGB"},"content":{"rendered":"\n<p><strong>Inhaltsverzeichnis<\/strong><\/p>\n\n\n\n<ol start=\"1\" class=\"wp-block-list\">\n<li>Geltungsbereich<\/li>\n\n\n\n<li>Vertragsschluss<\/li>\n\n\n\n<li>Widerrufsrecht<\/li>\n\n\n\n<li>Preise und Zahlungsbedingungen<\/li>\n\n\n\n<li>Liefer- und Versandbedingungen<\/li>\n\n\n\n<li>Vertragsdauer und Vertragsbeendigung bei Abonnementvertr\u00e4gen<\/li>\n\n\n\n<li>Eigentumsvorbehalt<\/li>\n\n\n\n<li>M\u00e4ngelhaftung (Gew\u00e4hrleistung)<\/li>\n\n\n\n<li>Besondere Bedingungen f\u00fcr die Verarbeitung von Waren nach bestimmten Vorgaben des Kunden<\/li>\n\n\n\n<li>Einl\u00f6sung von Aktionsgutscheinen<\/li>\n\n\n\n<li>Einl\u00f6sung von Geschenkgutscheinen<\/li>\n\n\n\n<li>Anwendbares Recht<\/li>\n\n\n\n<li>Gerichtsstand<\/li>\n\n\n\n<li>Verhaltenskodex<\/li>\n\n\n\n<li>Alternative Streitbeilegung<\/li>\n<\/ol>\n\n\n\n<p><strong>1) Geltungsbereich<\/strong><\/p>\n\n\n\n<p><strong>1.1<\/strong> Diese Allgemeinen Gesch\u00e4ftsbedingungen (nachfolgend \u201cAGB\u201d) der liaroschmuck (nachfolgend \u201cVerk\u00e4ufer\u201d), gelten f\u00fcr alle Vertr\u00e4ge \u00fcber die Lieferung von Waren, die ein Verbraucher oder Unternehmer (nachfolgend \u201eKunde\u201c) mit dem Verk\u00e4ufer hinsichtlich der vom Verk\u00e4ufer in seinem Online-Shop dargestellten Waren abschlie\u00dft. Hiermit wird der Einbeziehung von eigenen Bedingungen des Kunden widersprochen, es sei denn, es ist etwas anderes vereinbart.<\/p>\n\n\n\n<p><strong>1.2<\/strong>&nbsp;F\u00fcr Vertr\u00e4ge \u00fcber die Lieferung von Gutscheinen gelten diese AGB entsprechend, sofern insoweit nicht ausdr\u00fccklich etwas Abweichendes geregelt ist.<\/p>\n\n\n\n<p><strong>1.3<\/strong>&nbsp;Verbraucher im Sinne dieser AGB ist jede nat\u00fcrliche Person, die ein Rechtsgesch\u00e4ft zu Zwecken abschlie\u00dft, die \u00fcberwiegend weder ihrer gewerblichen noch ihrer selbst\u00e4ndigen beruflichen T\u00e4tigkeit zugerechnet werden k\u00f6nnen. Unternehmer im Sinne dieser AGB ist eine nat\u00fcrliche oder juristische Person oder eine rechtsf\u00e4hige Personengesellschaft, die bei Abschluss eines Rechtsgesch\u00e4fts in Aus\u00fcbung ihrer gewerblichen oder selbst\u00e4ndigen beruflichen T\u00e4tigkeit handelt.<\/p>\n\n\n\n<p><strong>1.4<\/strong>&nbsp;Gegenstand des Vertrages kann \u2013 je nach Produktbeschreibung des Verk\u00e4ufers \u2013 sowohl der Bezug von Waren im Wege einer Einmallieferung als auch der Bezug von Waren im Wege einer dauerhaften Lieferung (nachfolgend \u201eAbonnementvertrag\u201c) sein. Beim Abonnementvertrag verpflichtet sich der Verk\u00e4ufer, dem Kunden die vertraglich geschuldete Ware f\u00fcr die Dauer der vereinbarten Vertragslaufzeit in den vertraglich geschuldeten Zeitintervallen zu liefern.<\/p>\n\n\n\n<p><strong>2) Vertragsschluss<\/strong><\/p>\n\n\n\n<p><strong>2.1<\/strong>&nbsp;Die im Online-Shop des Verk\u00e4ufers enthaltenen Produktbeschreibungen stellen keine verbindlichen Angebote seitens des Verk\u00e4ufers dar, sondern dienen zur Abgabe eines verbindlichen Angebots durch den Kunden.<\/p>\n\n\n\n<p><strong>2.2<\/strong>&nbsp;Der Kunde kann das Angebot \u00fcber das in den Online-Shop des Verk\u00e4ufers integrierte Online-Bestellformular abgeben. Dabei gibt der Kunde, nachdem er die ausgew\u00e4hlten Waren in den virtuellen Warenkorb gelegt und den elektronischen Bestellprozess durchlaufen hat, durch Klicken des den Bestellvorgang abschlie\u00dfenden Buttons ein rechtlich verbindliches Vertragsangebot in Bezug auf die im Warenkorb enthaltenen Waren ab.<\/p>\n\n\n\n<p><strong>2.3<\/strong>&nbsp;Der Verk\u00e4ufer kann das Angebot des Kunden innerhalb von f\u00fcnf Tagen annehmen,<\/p>\n\n\n\n<ul class=\"wp-block-list\">\n<li>indem er dem Kunden eine schriftliche Auftragsbest\u00e4tigung oder eine Auftragsbest\u00e4tigung in Textform (Fax oder E-Mail) \u00fcbermittelt, wobei insoweit der Zugang der Auftragsbest\u00e4tigung beim Kunden ma\u00dfgeblich ist, oder<\/li>\n\n\n\n<li>indem er dem Kunden die bestellte Ware liefert, wobei insoweit der Zugang der Ware beim Kunden ma\u00dfgeblich ist, oder<\/li>\n\n\n\n<li>indem er den Kunden nach Abgabe von dessen Bestellung zur Zahlung auffordert.<\/li>\n<\/ul>\n\n\n\n<p>Liegen mehrere der vorgenannten Alternativen vor, kommt der Vertrag in dem Zeitpunkt zustande, in dem eine der vorgenannten Alternativen zuerst eintritt. Die Frist zur Annahme des Angebots beginnt am Tag nach der Absendung des Angebots durch den Kunden zu laufen und endet mit dem Ablauf des f\u00fcnften Tages, welcher auf die Absendung des Angebots folgt. Nimmt der Verk\u00e4ufer das Angebot des Kunden innerhalb vorgenannter Frist nicht an, so gilt dies als Ablehnung des Angebots mit der Folge, dass der Kunde nicht mehr an seine Willenserkl\u00e4rung gebunden ist.<\/p>\n\n\n\n<p><strong>2.4<\/strong>&nbsp;Bei Auswahl einer von PayPal angebotenen Zahlungsart erfolgt die Zahlungsabwicklung \u00fcber den Zahlungsdienstleister PayPal (Europe) S.\u00e0 r.l. et Cie, S.C.A., 22-24 Boulevard Royal, L-2449 Luxembourg (im Folgenden: \u201ePayPal\u201c), unter Geltung der PayPal-Nutzungsbedingungen, einsehbar unter https:\/\/www.paypal.com\/de\/webapps\/mpp\/ua\/useragreement-full oder \u2013 falls der Kunde nicht \u00fcber ein PayPal-Konto verf\u00fcgt \u2013 unter Geltung der Bedingungen f\u00fcr Zahlungen ohne PayPal-Konto, einsehbar unter https:\/\/www.paypal.com\/de\/webapps\/mpp\/ua\/privacywax-full. Zahlt der Kunde mittels einer im Online-Bestellvorgang ausw\u00e4hlbaren von PayPal angebotenen Zahlungsart, erkl\u00e4rt der Verk\u00e4ufer schon jetzt die Annahme des Angebots des Kunden in dem Zeitpunkt, in dem der Kunde den den Bestellvorgang abschlie\u00dfenden Button anklickt.<\/p>\n\n\n\n<p><strong>2.5<\/strong>&nbsp;Bei der Abgabe eines Angebots \u00fcber das Online-Bestellformular des Verk\u00e4ufers wird der Vertragstext nach dem Vertragsschluss vom Verk\u00e4ufer gespeichert und dem Kunden nach Absendung von dessen Bestellung in Textform (z. B. E-Mail, Fax oder Brief) \u00fcbermittelt. Eine dar\u00fcber hinausgehende Zug\u00e4nglichmachung des Vertragstextes durch den Verk\u00e4ufer erfolgt nicht. Sofern der Kunde vor Absendung seiner Bestellung ein Nutzerkonto im Online-Shop des Verk\u00e4ufers eingerichtet hat, werden die Bestelldaten auf der Website des Verk\u00e4ufers archiviert und k\u00f6nnen vom Kunden \u00fcber dessen passwortgesch\u00fctztes Nutzerkonto unter Angabe der entsprechenden Login-Daten kostenlos abgerufen werden.<\/p>\n\n\n\n<p><strong>2.6<\/strong>&nbsp;Vor verbindlicher Abgabe der Bestellung \u00fcber das Online-Bestellformular des Verk\u00e4ufers kann der Kunde m\u00f6gliche Eingabefehler durch aufmerksames Lesen der auf dem Bildschirm dargestellten Informationen erkennen. Ein wirksames technisches Mittel zur besseren Erkennung von Eingabefehlern kann dabei die Vergr\u00f6\u00dferungsfunktion des Browsers sein, mit deren Hilfe die Darstellung auf dem Bildschirm vergr\u00f6\u00dfert wird. Seine Eingaben kann der Kunde im Rahmen des elektronischen Bestellprozesses so lange \u00fcber die \u00fcblichen Tastatur- und Mausfunktionen korrigieren, bis er den den Bestellvorgang abschlie\u00dfenden Button anklickt.<\/p>\n\n\n\n<p><strong>2.7<\/strong>&nbsp;F\u00fcr den Vertragsschluss steht ausschlie\u00dflich die deutsche Sprache zur Verf\u00fcgung.<\/p>\n\n\n\n<p><strong>2.8<\/strong>&nbsp;Die Bestellabwicklung und Kontaktaufnahme finden in der Regel per E-Mail und automatisierter Bestellabwicklung statt. Der Kunde hat sicherzustellen, dass die von ihm zur Bestellabwicklung angegebene E-Mail-Adresse zutreffend ist, so dass unter dieser Adresse die vom Verk\u00e4ufer versandten E-Mails empfangen werden k\u00f6nnen. Insbesondere hat der Kunde bei dem Einsatz von SPAM-Filtern sicherzustellen, dass alle vom Verk\u00e4ufer oder von diesem mit der Bestellabwicklung beauftragten Dritten versandten E-Mails zugestellt werden k\u00f6nnen.<\/p>\n\n\n\n<p><strong>3) Widerrufsrecht<\/strong><\/p>\n\n\n\n<p><strong>3.1<\/strong>&nbsp;Verbrauchern steht grunds\u00e4tzlich ein Widerrufsrecht zu.<\/p>\n\n\n\n<p><strong>3.2<\/strong>&nbsp;N\u00e4here Informationen zum Widerrufsrecht ergeben sich aus der Widerrufsbelehrung des Verk\u00e4ufers.<\/p>\n\n\n\n<p><strong>4) Preise und Zahlungsbedingungen<\/strong><\/p>\n\n\n\n<p><strong>4.1<\/strong>&nbsp;Sofern sich aus der Produktbeschreibung des Verk\u00e4ufers nichts anderes ergibt, handelt es sich bei den angegebenen Preisen um Gesamtpreise, die die gesetzliche Umsatzsteuer enthalten. Gegebenenfalls zus\u00e4tzlich anfallende Liefer- und Versandkosten werden in der jeweiligen Produktbeschreibung gesondert angegeben.<\/p>\n\n\n\n<p><strong>4.2<\/strong>&nbsp;Bei Lieferungen in L\u00e4nder au\u00dferhalb der Europ\u00e4ischen Union k\u00f6nnen im Einzelfall weitere Kosten anfallen, die der Verk\u00e4ufer nicht zu vertreten hat und die vom Kunden zu tragen sind. Hierzu z\u00e4hlen beispielsweise Kosten f\u00fcr die Geld\u00fcbermittlung durch Kreditinstitute (z.B. \u00dcberweisungsgeb\u00fchren, Wechselkursgeb\u00fchren) oder einfuhrrechtliche Abgaben bzw. Steuern (z.B. Z\u00f6lle). Solche Kosten k\u00f6nnen in Bezug auf die Geld\u00fcbermittlung auch dann anfallen, wenn die Lieferung nicht in ein Land au\u00dferhalb der Europ\u00e4ischen Union erfolgt, der Kunde die Zahlung aber von einem Land au\u00dferhalb der Europ\u00e4ischen Union aus vornimmt.<\/p>\n\n\n\n<p><strong>4.3<\/strong>&nbsp;Die Zahlungsm\u00f6glichkeit\/en wird\/werden dem Kunden im Online-Shop des Verk\u00e4ufers mitgeteilt.<\/p>\n\n\n\n<p><strong>4.4<\/strong>&nbsp;Bei Auswahl einer \u00fcber den Zahlungsdienst \u201cShopify Payments\u201d angebotenen Zahlungsarten erfolgt die Zahlungsabwicklung \u00fcber den Zahlungsdienstleister Stripe Payments Europe Ltd., 1 Grand Canal Street Lower, Grand Canal Dock, Dublin, Irland (nachfolgend \u201cStripe\u201d). Die einzelnen \u00fcber Shopify Payments angebotenen Zahlungsarten werden dem Kunden im Online-Shop des Verk\u00e4ufers mitgeteilt. Zur Abwicklung von Zahlungen kann sich Stripe weiterer Zahlungsdienste bedienen, f\u00fcr die ggf. besondere Zahlungsbedingungen gelten, auf die der Kunde ggf. gesondert hingewiesen wird. Weitere Informationen zu \u201cShopify Payments\u201d sind im Internet unter https:\/\/www.shopify.com\/legal\/terms-payments-de abrufbar.<\/p>\n\n\n\n<p><strong>5) Liefer- und Versandbedingungen<\/strong><\/p>\n\n\n\n<p><strong>5.1<\/strong>&nbsp;Die Lieferung von Waren erfolgt auf dem Versandweg an die vom Kunden angegebene Lieferanschrift, sofern nichts anderes vereinbart ist. Bei der Abwicklung der Transaktion ist die in der Bestellabwicklung des Verk\u00e4ufers angegebene Lieferanschrift ma\u00dfgeblich.<\/p>\n\n\n\n<p><strong>5.2<\/strong>&nbsp;Scheitert die Zustellung der Ware aus Gr\u00fcnden, die der Kunde zu vertreten hat, tr\u00e4gt der Kunde die dem Verk\u00e4ufer hierdurch entstehenden angemessenen Kosten. Dies gilt im Hinblick auf die Kosten f\u00fcr die Hinsendung nicht, wenn der Kunde sein Widerrufsrecht wirksam aus\u00fcbt. F\u00fcr die R\u00fccksendekosten gilt bei wirksamer Aus\u00fcbung des Widerrufsrechts durch den Kunden die in der Widerrufsbelehrung des Verk\u00e4ufers hierzu getroffene Regelung.<\/p>\n\n\n\n<p><strong>5.3<\/strong>&nbsp;Der Verk\u00e4ufer beh\u00e4lt sich das Recht vor, im Falle nicht richtiger oder nicht ordnungsgem\u00e4\u00dfer Selbstbelieferung vom Vertrag zur\u00fcckzutreten. Dies gilt nur f\u00fcr den Fall, dass die Nichtlieferung nicht vom Verk\u00e4ufer zu vertreten ist und dieser mit der gebotenen Sorgfalt ein konkretes Deckungsgesch\u00e4ft mit dem Zulieferer abgeschlossen hat. Der Verk\u00e4ufer wird alle zumutbaren Anstrengungen unternehmen, um die Ware zu beschaffen. Im Falle der Nichtverf\u00fcgbarkeit oder der nur teilweisen Verf\u00fcgbarkeit der Ware wird der Kunde unverz\u00fcglich informiert und die Gegenleistung unverz\u00fcglich erstattet.<\/p>\n\n\n\n<p><strong>5.4<\/strong>&nbsp;Selbstabholung ist aus logistischen Gr\u00fcnden nicht m\u00f6glich.<\/p>\n\n\n\n<p><strong>5.5<\/strong>&nbsp;Gutscheine werden dem Kunden wie folgt \u00fcberlassen:<\/p>\n\n\n\n<p>\u2013 per E-Mail<\/p>\n\n\n\n<p><strong>6) Vertragsdauer und Vertragsbeendigung bei Abonnementvertr\u00e4gen<\/strong><\/p>\n\n\n\n<p><strong>6.1<\/strong>&nbsp;Abonnementvertr\u00e4ge werden unbefristet geschlossen und k\u00f6nnen vom Kunden zum Ende eines jeden Monats gek\u00fcndigt werden.<\/p>\n\n\n\n<p><strong>6.2<\/strong>&nbsp;Das Recht zur au\u00dferordentlichen K\u00fcndigung aus wichtigem Grund bleibt unber\u00fchrt. Ein wichtiger Grund liegt vor, wenn dem k\u00fcndigenden Teil unter Ber\u00fccksichtigung aller Umst\u00e4nde des Einzelfalls und unter Abw\u00e4gung der beiderseitigen Interessen die Fortsetzung des Vertragsverh\u00e4ltnisses bis zur vereinbarten Beendigung oder bis zum Ablauf einer K\u00fcndigungsfrist nicht zugemutet werden kann.<\/p>\n\n\n\n<p><strong>6.3<\/strong>&nbsp;K\u00fcndigungen haben schriftlich oder in Textform (z. B. per E-Mail) zu erfolgen.<\/p>\n\n\n\n<p><strong>7) Eigentumsvorbehalt<\/strong><\/p>\n\n\n\n<p>Tritt der Verk\u00e4ufer in Vorleistung, beh\u00e4lt er sich bis zur vollst\u00e4ndigen Bezahlung des geschuldeten Kaufpreises das Eigentum an der gelieferten Ware vor.<\/p>\n\n\n\n<p><strong>8) M\u00e4ngelhaftung (Gew\u00e4hrleistung)<\/strong><\/p>\n\n\n\n<p><strong>8.1<\/strong>&nbsp;Ist die Kaufsache mangelhaft, gelten die Vorschriften der gesetzlichen M\u00e4ngelhaftung.<\/p>\n\n\n\n<p><strong>8.2<\/strong>&nbsp;Handelt der Kunde als Verbraucher, so wird er gebeten, angelieferte Waren mit offensichtlichen Transportsch\u00e4den bei dem Zusteller zu reklamieren und den Verk\u00e4ufer hiervon in Kenntnis zu setzen. Kommt der Kunde dem nicht nach, hat dies keinerlei Auswirkungen auf seine gesetzlichen oder vertraglichen M\u00e4ngelanspr\u00fcche.<\/p>\n\n\n\n<p><strong>8.3<\/strong> Du hast das Recht binnen 14 Tagen nach Erhalt der Bestellung, die Schmuckst\u00fccke ohne Angabe von Gr\u00fcnden zur\u00fcckzusenden. Die Kosten f\u00fcr die R\u00fccksendung tr\u00e4gt der K\u00e4ufer.<\/p>\n\n\n\n<p>Dies gilt nicht f\u00fcr:<\/p>\n\n\n\n<p>\u2013 Gutscheinkarten<\/p>\n\n\n\n<p>\u2013 Personalisierte Artikel (z.B. mit Gravur)<\/p>\n\n\n\n<p>\u2013 Schmuckst\u00fccke, bei denen auf der Produktseite ausdr\u00fccklich etwas anderes vermerkt ist.<\/p>\n\n\n\n<p>Sollte Dein R\u00fcckgaberecht \u00fcberschritten und nicht vorher von uns ein verl\u00e4ngertes R\u00fcckgaberecht best\u00e4tigt worden sein, wird Deine R\u00fccksendung automatisch an Dich zur\u00fcck geschickt.<\/p>\n\n\n\n<p><strong>9) Besondere Bedingungen f\u00fcr die Verarbeitung von Waren nach bestimmten Vorgaben des Kunden<\/strong><\/p>\n\n\n\n<p><strong>9.1<\/strong>&nbsp;Schuldet der Verk\u00e4ufer nach dem Inhalt des Vertrages neben der Warenlieferung auch die Verarbeitung der Ware nach bestimmten Vorgaben des Kunden, hat der Kunde dem Verk\u00e4ufer alle f\u00fcr die Verarbeitung erforderlichen Inhalte wie Texte, Bilder oder Grafiken in den vom Verk\u00e4ufer vorgegebenen Dateiformaten, Formatierungen, Bild- und Dateigr\u00f6\u00dfen zur Verf\u00fcgung zu stellen und ihm die hierf\u00fcr erforderlichen Nutzungsrechte einzur\u00e4umen. F\u00fcr die Beschaffung und den Rechteerwerb an diesen Inhalten ist allein der Kunde verantwortlich. Der Kunde erkl\u00e4rt und \u00fcbernimmt die Verantwortung daf\u00fcr, dass er das Recht besitzt, die dem Verk\u00e4ufer \u00fcberlassenen Inhalte zu nutzen. Er tr\u00e4gt insbesondere daf\u00fcr Sorge, dass hierdurch keine Rechte Dritter verletzt werden, insbesondere Urheber-, Marken- und Pers\u00f6nlichkeitsrechte.<\/p>\n\n\n\n<p><strong>9.2<\/strong>&nbsp;Der Kunde stellt den Verk\u00e4ufer von Anspr\u00fcchen Dritter frei, die diese im Zusammenhang mit einer Verletzung ihrer Rechte durch die vertragsgem\u00e4\u00dfe Nutzung der Inhalte des Kunden durch den Verk\u00e4ufer diesem gegen\u00fcber geltend machen k\u00f6nnen. Der Kunde \u00fcbernimmt hierbei auch die angemessenen Kosten der notwendigen Rechtsverteidigung einschlie\u00dflich aller Gerichts- und Anwaltskosten in gesetzlicher H\u00f6he. Dies gilt nicht, wenn die Rechtsverletzung vom Kunden nicht zu vertreten ist. Der Kunde ist verpflichtet, dem Verk\u00e4ufer im Falle einer Inanspruchnahme durch Dritte unverz\u00fcglich, wahrheitsgem\u00e4\u00df und vollst\u00e4ndig alle Informationen zur Verf\u00fcgung zu stellen, die f\u00fcr die Pr\u00fcfung der Anspr\u00fcche und eine Verteidigung erforderlich sind.<\/p>\n\n\n\n<p><strong>9.3<\/strong>&nbsp;Der Verk\u00e4ufer beh\u00e4lt sich vor, Verarbeitungsauftr\u00e4ge abzulehnen, wenn die vom Kunden hierf\u00fcr \u00fcberlassenen Inhalte gegen gesetzliche oder beh\u00f6rdliche Verbote oder gegen die guten Sitten versto\u00dfen. Dies gilt insbesondere bei \u00dcberlassung verfassungsfeindlicher, rassistischer, fremdenfeindlicher, diskriminierender, beleidigender, Jugend gef\u00e4hrdender und\/oder Gewalt verherrlichender Inhalte.<\/p>\n\n\n\n<p><strong>10) Einl\u00f6sung von Aktionsgutscheinen<\/strong><\/p>\n\n\n\n<p><strong>10.1<\/strong>&nbsp;Gutscheine, die vom Verk\u00e4ufer im Rahmen von Werbeaktionen mit einer bestimmten G\u00fcltigkeitsdauer unentgeltlich ausgegeben werden und die vom Kunden nicht k\u00e4uflich erworben werden k\u00f6nnen (nachfolgend \u201cAktionsgutscheine\u201d), k\u00f6nnen nur im Online-Shop des Verk\u00e4ufers und nur im angegebenen Zeitraum eingel\u00f6st werden.<\/p>\n\n\n\n<p><strong>10.2<\/strong>&nbsp;Einzelne Produkte k\u00f6nnen von der Gutscheinaktion ausgeschlossen sein, sofern sich eine entsprechende Einschr\u00e4nkung aus dem Inhalt des Aktionsgutscheins ergibt.<\/p>\n\n\n\n<p><strong>10.3<\/strong>&nbsp;Aktionsgutscheine k\u00f6nnen nur vor Abschluss des Bestellvorgangs eingel\u00f6st werden. Eine nachtr\u00e4gliche Verrechnung ist nicht m\u00f6glich.<\/p>\n\n\n\n<p><strong>10.4<\/strong>&nbsp;Bei einer Bestellung k\u00f6nnen auch mehrere Aktionsgutscheine eingel\u00f6st werden.<\/p>\n\n\n\n<p><strong>10.5<\/strong>&nbsp;Der Warenwert muss mindestens dem Betrag des Aktionsgutscheins entsprechen. Etwaiges Restguthaben wird vom Verk\u00e4ufer nicht erstattet.<\/p>\n\n\n\n<p><strong>10.6<\/strong>&nbsp;Reicht der Wert des Aktionsgutscheins zur Deckung der Bestellung nicht aus, kann zur Begleichung des Differenzbetrages eine der \u00fcbrigen vom Verk\u00e4ufer angebotenen Zahlungsarten gew\u00e4hlt werden.<\/p>\n\n\n\n<p><strong>10.7<\/strong>&nbsp;Das Guthaben eines Aktionsgutscheins wird weder in Bargeld ausgezahlt noch verzinst.<\/p>\n\n\n\n<p><strong>10.8<\/strong>&nbsp;Der Aktionsgutschein wird nicht erstattet, wenn der Kunde die mit dem Aktionsgutschein ganz oder teilweise bezahlte Ware im Rahmen seines gesetzlichen Widerrufsrechts zur\u00fcckgibt.<\/p>\n\n\n\n<p><strong>10.9<\/strong>&nbsp;Der Aktionsgutschein ist \u00fcbertragbar. Der Verk\u00e4ufer kann mit befreiender Wirkung an den jeweiligen Inhaber, der den Aktionsgutschein im Online-Shop des Verk\u00e4ufers einl\u00f6st, leisten. Dies gilt nicht, wenn der Verk\u00e4ufer Kenntnis oder grob fahrl\u00e4ssige Unkenntnis von der Nichtberechtigung, der Gesch\u00e4ftsunf\u00e4higkeit oder der fehlenden Vertretungsberechtigung des jeweiligen Inhabers hat.<\/p>\n\n\n\n<p><strong>11) Einl\u00f6sung von Geschenkgutscheinen<\/strong><\/p>\n\n\n\n<p><strong>11.1<\/strong>&nbsp;Gutscheine, die \u00fcber den Online-Shop des Verk\u00e4ufers k\u00e4uflich erworben werden k\u00f6nnen (nachfolgend \u201cGeschenkgutscheine\u201d), k\u00f6nnen nur im Online-Shop des Verk\u00e4ufers eingel\u00f6st werden, sofern sich aus dem Gutschein nichts anderes ergibt.<\/p>\n\n\n\n<p><strong>11.2<\/strong>&nbsp;Geschenkgutscheine und Restguthaben von Geschenkgutscheinen sind bis zum Ende des dritten Jahres nach dem Jahr des Gutscheinkaufs einl\u00f6sbar. Restguthaben werden dem Kunden bis zum Ablaufdatum gutgeschrieben.<\/p>\n\n\n\n<p><strong>11.3<\/strong>&nbsp;Geschenkgutscheine k\u00f6nnen nur vor Abschluss des Bestellvorgangs eingel\u00f6st werden. Eine nachtr\u00e4gliche Verrechnung ist nicht m\u00f6glich.<\/p>\n\n\n\n<p><strong>11.4<\/strong>&nbsp;Bei einer Bestellung k\u00f6nnen auch mehrere Geschenkgutscheine eingel\u00f6st werden.<\/p>\n\n\n\n<p><strong>11.5<\/strong>&nbsp;Geschenkgutscheine k\u00f6nnen nur f\u00fcr den Kauf von Waren und nicht f\u00fcr den Kauf von weiteren Geschenkgutscheinen verwendet werden.<\/p>\n\n\n\n<p><strong>11.6<\/strong>&nbsp;Reicht der Wert des Geschenkgutscheins zur Deckung der Bestellung nicht aus, kann zur Begleichung des Differenzbetrages eine der \u00fcbrigen vom Verk\u00e4ufer angebotenen Zahlungsarten gew\u00e4hlt werden.<\/p>\n\n\n\n<p><strong>11.7<\/strong>&nbsp;Das Guthaben eines Geschenkgutscheins wird weder in Bargeld ausgezahlt noch verzinst.<\/p>\n\n\n\n<p><strong>11.8<\/strong>&nbsp;Der Geschenkgutschein ist \u00fcbertragbar. Der Verk\u00e4ufer kann mit befreiender Wirkung an den jeweiligen Inhaber, der den Geschenkgutschein im Online-Shop des Verk\u00e4ufers einl\u00f6st, leisten. Dies gilt nicht, wenn der Verk\u00e4ufer Kenntnis oder grob fahrl\u00e4ssige Unkenntnis von der Nichtberechtigung, der Gesch\u00e4ftsunf\u00e4higkeit oder der fehlenden Vertretungsberechtigung des jeweiligen Inhabers hat.<\/p>\n\n\n\n<p>12) Anwendbares Recht<\/p>\n\n\n\n<p>F\u00fcr s\u00e4mtliche Rechtsbeziehungen der Parteien gilt das Recht der Bundesrepublik Deutschland unter Ausschluss der Gesetze \u00fcber den internationalen Kauf beweglicher Waren. Bei Verbrauchern gilt diese Rechtswahl nur insoweit, als nicht der gew\u00e4hrte Schutz durch zwingende Bestimmungen des Rechts des Staates, in dem der Verbraucher seinen gew\u00f6hnlichen Aufenthalt hat, entzogen wird.<\/p>\n\n\n\n<p><strong>13) Gerichtsstand<\/strong><\/p>\n\n\n\n<p>Handelt der Kunde als Kaufmann, juristische Person des \u00f6ffentlichen Rechts oder \u00f6ffentlich-rechtliches Sonderverm\u00f6gen mit Sitz im Hoheitsgebiet der Bundesrepublik Deutschland, ist ausschlie\u00dflicher Gerichtsstand f\u00fcr alle Streitigkeiten aus diesem Vertrag der Gesch\u00e4ftssitz des Verk\u00e4ufers. Hat der Kunde seinen Sitz au\u00dferhalb des Hoheitsgebiets der Bundesrepublik Deutschland, so ist der Gesch\u00e4ftssitz des Verk\u00e4ufers ausschlie\u00dflicher Gerichtsstand f\u00fcr alle Streitigkeiten aus diesem Vertrag, wenn der Vertrag oder Anspr\u00fcche aus dem Vertrag der beruflichen oder gewerblichen T\u00e4tigkeit des Kunden zugerechnet werden k\u00f6nnen. Der Verk\u00e4ufer ist in den vorstehenden F\u00e4llen jedoch in jedem Fall berechtigt, das Gericht am Sitz des Kunden anzurufen.<\/p>\n\n\n\n<p><strong>14) Verhaltenskodex<\/strong><\/p>\n\n\n\n<p>\u2013 Der Verk\u00e4ufer hat sich den Trusted Shops Qualit\u00e4tskriterien unterworfen, die im Internet unter http:\/\/www.trustedshops.com\/tsdocument\/TS_QUALITY_CRITERIA_de.pdf einsehbar sind.<\/p>\n\n\n\n<p><strong>15) Alternative Streitbeilegung<\/strong><\/p>\n\n\n\n<p><strong>15.1<\/strong>&nbsp;Die EU-Kommission stellt im Internet unter folgendem Link eine Plattform zur Online-Streitbeilegung bereit: https:\/\/ec.europa.eu\/consumers\/odr<\/p>\n\n\n\n<p>Diese Plattform dient als Anlaufstelle zur au\u00dfergerichtlichen Beilegung von Streitigkeiten aus Online-Kauf- oder Dienstleistungsvertr\u00e4gen, an denen ein Verbraucher beteiligt ist.<\/p>\n\n\n\n<p><strong>15.2<\/strong>&nbsp;Der Verk\u00e4ufer ist zur Teilnahme an einem Streitbeilegungsverfahren vor einer Verbraucherschlichtungsstelle nicht verpflichtet, hierzu aber bereit.<\/p>\n\n\n\n<p><strong>Alternative Streitbeilegung gem\u00e4\u00df Art. 14 Abs. 1 ODR-VO und \u00a7 36 VSBG:<\/strong><\/p>\n\n\n\n<p>Wir sind bereit, an einem au\u00dfergerichtlichen Schlichtungsverfahren teilzunehmen.<\/p>\n\n\n\n<p><\/p>\n","protected":false},"excerpt":{"rendered":"<p>Inhaltsverzeichnis 1) Geltungsbereich 1.1 Diese Allgemeinen Gesch\u00e4ftsbedingungen (nachfolgend \u201cAGB\u201d) der liaroschmuck (nachfolgend \u201cVerk\u00e4ufer\u201d), gelten f\u00fcr alle Vertr\u00e4ge \u00fcber die Lieferung von Waren, die ein Verbraucher oder Unternehmer (nachfolgend \u201eKunde\u201c) mit dem Verk\u00e4ufer hinsichtlich der vom Verk\u00e4ufer in seinem Online-Shop dargestellten Waren abschlie\u00dft. Hiermit wird der Einbeziehung von eigenen Bedingungen des<\/p>\n","protected":false},"author":1,"featured_media":0,"parent":0,"menu_order":0,"comment_status":"closed","ping_status":"closed","template":"","meta":{"footnotes":""},"class_list":["post-19","page","type-page","status-publish","hentry"],"jetpack_sharing_enabled":true,"_links":{"self":[{"href":"https:\/\/www.liaroschmuck.de\/index.php?rest_route=\/wp\/v2\/pages\/19","targetHints":{"allow":["GET"]}}],"collection":[{"href":"https:\/\/www.liaroschmuck.de\/index.php?rest_route=\/wp\/v2\/pages"}],"about":[{"href":"https:\/\/www.liaroschmuck.de\/index.php?rest_route=\/wp\/v2\/types\/page"}],"author":[{"embeddable":true,"href":"https:\/\/www.liaroschmuck.de\/index.php?rest_route=\/wp\/v2\/users\/1"}],"replies":[{"embeddable":true,"href":"https:\/\/www.liaroschmuck.de\/index.php?rest_route=%2Fwp%2Fv2%2Fcomments&post=19"}],"version-history":[{"count":2,"href":"https:\/\/www.liaroschmuck.de\/index.php?rest_route=\/wp\/v2\/pages\/19\/revisions"}],"predecessor-version":[{"id":2828,"href":"https:\/\/www.liaroschmuck.de\/index.php?rest_route=\/wp\/v2\/pages\/19\/revisions\/2828"}],"wp:attachment":[{"href":"https:\/\/www.liaroschmuck.de\/index.php?rest_route=%2Fwp%2Fv2%2Fmedia&parent=19"}],"curies":[{"name":"wp","href":"https:\/\/api.w.org\/{rel}","templated":true}]}}